{"id":2184,"date":"2020-06-05T12:30:53","date_gmt":"2020-06-05T12:30:53","guid":{"rendered":"http:\/\/www.atracucine.it\/?page_id=2184"},"modified":"2020-06-09T07:07:02","modified_gmt":"2020-06-09T07:07:02","slug":"arredo-2-2-3-2-3","status":"publish","type":"page","link":"https:\/\/www.atracucine.it\/?page_id=2184","title":{"rendered":"Guida &#8211; FENIX NTM"},"content":{"rendered":"<p><div  class=\"fusion-fullwidth fullwidth-box nonhundred-percent-fullwidth\"  style='background-color: #ffffff;background-position: center center;background-repeat: no-repeat;padding-top:20px;padding-right:0px;padding-bottom:20px;padding-left:0px;'><div class=\"fusion-builder-row fusion-row \"><div  class=\"fusion-layout-column fusion_builder_column fusion_builder_column_1_1  fusion-one-full fusion-column-first fusion-column-last 1_1\"  style='margin-top:0px;margin-bottom:20px;'>\n\t\t\t\t\t<div class=\"fusion-column-wrapper\" style=\"background-position:left top;background-repeat:no-repeat;-webkit-background-size:cover;-moz-background-size:cover;-o-background-size:cover;background-size:cover;\"  data-bg-url=\"\">\n\t\t\t\t\t\t<div class=\"fusion-title title fusion-title-center fusion-title-size-one\" style=\"margin-top:0px;margin-bottom:10px;\"><div class=\"title-sep-container title-sep-container-left\"><div class=\"title-sep sep-single sep-solid\" style=\"border-color:#e0dede;\"><\/div><\/div><h1 class=\"title-heading-center\"><h1 class=\"entry-title\" style=\"text-align: center;\">FENIX NTM<sup>\u00ae<\/sup><\/h1><\/h1><div class=\"title-sep-container title-sep-container-right\"><div class=\"title-sep sep-single sep-solid\" style=\"border-color:#e0dede;\"><\/div><\/div><\/div><div class=\"fusion-title title fusion-title-center fusion-title-size-four\" style=\"margin-top:0px;margin-bottom:31px;\"><div class=\"title-sep-container title-sep-container-left\"><div class=\"title-sep sep-double\" style=\"border-color:#e0dede;\"><\/div><\/div><h4 class=\"title-heading-center\"><h3 class=\"entry-title\" style=\"text-align: center;\">INNOVATIVE MATERIALS FOR INTERIOR DESIGN<\/h3><\/h4><div class=\"title-sep-container title-sep-container-right\"><div class=\"title-sep sep-double\" style=\"border-color:#e0dede;\"><\/div><\/div><\/div><div class=\"fusion-clearfix\"><\/div>\n\n\t\t\t\t\t<\/div>\n\t\t\t\t<\/div><\/div><\/div><div  class=\"fusion-fullwidth fullwidth-box hundred-percent-fullwidth\"  style='background-color: #ffffff;background-position: center center;background-repeat: no-repeat;padding-top:0px;padding-right:0px;padding-bottom:0px;padding-left:0px;'><div class=\"fusion-builder-row fusion-row \"><div  class=\"fusion-layout-column fusion_builder_column fusion_builder_column_1_1  fusion-one-full fusion-column-first fusion-column-last fusion-spacing-no 1_1\"  style='margin-top:0px;margin-bottom:20px;'>\n\t\t\t\t\t<div class=\"fusion-column-wrapper\" style=\"background-position:left top;background-repeat:no-repeat;-webkit-background-size:cover;-moz-background-size:cover;-o-background-size:cover;background-size:cover;\"  data-bg-url=\"\">\n\t\t\t\t\t\t<div class=\"imageframe-align-center\"><span class=\"fusion-imageframe imageframe-none imageframe-1 hover-type-none\"><img decoding=\"async\" src=\"http:\/\/www.atracucine.it\/wp-content\/uploads\/2020\/06\/Guida_FenixNtm-1024x431.jpg\" width=\"\" height=\"\" alt=\"Fenix ntm\" title=\"\" class=\"img-responsive\"\/><\/span><\/div><div class=\"fusion-clearfix\"><\/div>\n\n\t\t\t\t\t<\/div>\n\t\t\t\t<\/div><\/div><\/div><div  class=\"fusion-fullwidth fullwidth-box nonhundred-percent-fullwidth\"  style='background-color: #ffffff;background-position: center center;background-repeat: no-repeat;padding-top:0px;padding-right:10px;padding-bottom:0px;padding-left:10px;'><div class=\"fusion-builder-row fusion-row \"><div  class=\"fusion-layout-column fusion_builder_column fusion_builder_column_3_4  fusion-three-fourth fusion-column-first 3_4\"  style='margin-top:0px;margin-bottom:20px;width:75%;width:calc(75% - ( ( 4% ) * 0.75 ) );margin-right: 4%;'>\n\t\t\t\t\t<div class=\"fusion-column-wrapper\" style=\"background-position:left top;background-repeat:no-repeat;-webkit-background-size:cover;-moz-background-size:cover;-o-background-size:cover;background-size:cover;\"  data-bg-url=\"\">\n\t\t\t\t\t\t<h3><span style=\"color: #808080;\">CHE COS&#8217;\u00c8 FENIX?<\/span><\/h3>\n<h3><span style=\"color: #808080;\">FENIX \u00e8 un materiale innovativo per interior design. Non \u00e8 una pellicola, non \u00e8 una finitura.<\/span><\/h3>\n<h3 data-unique=\"QualisonoimaterialidellagammaFENIX?\"><span style=\"color: #808080;\">\u00a0<\/span><\/h3>\n<h3 data-unique=\"QualisonoimaterialidellagammaFENIX?\"><span style=\"color: #808080;\">DOVE VIENE PRODOTTO FENIX?<\/span><\/h3>\n<h3><span style=\"color: #808080;\">FENIX \u00e8 made in Italy.<\/span><br \/>\n<span style=\"color: #808080;\"> Prodotto nello stabilimento di Arpa Industriale a Bra.<\/span><\/h3>\n<h3 data-unique=\"Checos\u2019\u00e8FENIXNTM?\"><span style=\"color: #808080;\">\u00a0<\/span><\/h3>\n<h3 data-unique=\"Checos\u2019\u00e8FENIXNTM?\"><span style=\"color: #808080;\">CHE COS\u2019\u00c8 FENIX NTM?<\/span><\/h3>\n<h3><span style=\"color: #808080;\">FENIX NTM \u00e8 un innovativo materiale opaco. Piacevole al tatto e durevole. &#8220;Smart&#8221; e versatile.<\/span><\/h3>\n<h3 data-unique=\"ChecosasiintendeperBloom?\"><span style=\"color: #808080;\">\u00a0QUALI SONO LE PROPRIET\u00c0 CHE CARATTERIZZANO FENIX?<\/span><\/h3>\n<h3><span style=\"color: #808080;\">Le propriet\u00e0 principali sono:<\/span><br \/>\n<span style=\"color: #808080;\">1) bassa riflessione della luce, superficie estremamente opaca;<\/span><br \/>\n<span style=\"color: #808080;\">2) morbidezza al tatto;<\/span><br \/>\n<span style=\"color: #808080;\">3) anti-impronta;<\/span><br \/>\n<span style=\"color: #808080;\">4) riparabilit\u00e0 termica dei micro-graffi superficiali.<\/span><\/h3>\n<h3 data-unique=\"QualicertificazionihaFENIX?\"><span style=\"color: #808080;\">\u00a0<\/span><\/h3>\n<h3 data-unique=\"QualicertificazionihaFENIX?\"><span style=\"color: #808080;\">LE CARATTERISTICHE DEL MATERIALE\u00a0<\/span><\/h3>\n<h3><span style=\"color: #808080;\">PER QUANTE VOLTE I MICRO-GRAFFI SUPERFICIALI POSSONO ESSERE RIPARATI TERMICAMENTE?<\/span><\/h3>\n<h3><span style=\"color: #808080;\">Se la struttura del materiale non \u00e8 danneggiata, la termo-riparazione pu\u00f2 essere effettuata numerose volte.<\/span><\/h3>\n<h3 data-unique=\"Imicro-graffisuperficialidevonoessererimossiimmediatamente?\"><span style=\"color: #808080;\">\u00a0<\/span><\/h3>\n<h3 data-unique=\"Imicro-graffisuperficialidevonoessererimossiimmediatamente?\"><span style=\"color: #808080;\">I MICRO-GRAFFI SUPERFICIALI DEVONO ESSERE RIMOSSI IMMEDIATAMENTE?<\/span><\/h3>\n<h3><span style=\"color: #808080;\">Test hanno dimostrato che la rimozione tramite una spugna magica dei micro-graffi superficiali \u00e8 possibile sia immediatamente, sia dopo 24 ore.<\/span><\/h3>\n<h3 data-unique=\"Qual\u00e8lariflessionespecularediFENIX?\"><span style=\"color: #808080;\">\u00a0<\/span><\/h3>\n<h3><span style=\"color: #808080;\">QUAL \u00c8 LA RIFLESSIONE SPECULARE DI FENIX?<\/span><\/h3>\n<h3><span style=\"color: #808080;\">La superficie di FENIX \u00e8 estremamente opaca: la riflessione speculare della superficie \u00e8 compresa tra 10 e 16 gloss, a 85\u00b0.<\/span><\/h3>\n<h3 data-unique=\"Ilprocessoproduttivo\"><span style=\"color: #808080;\">\u00a0<\/span><\/h3>\n<h3 class=\"title download\"><span style=\"color: #808080;\">\u00a0<\/span><\/h3>\n<h3><span style=\"color: #808080;\">QUAL \u00c8 IL PROCESSO PRODUTTIVO UTILIZZATO PER FENIX?<\/span><\/h3>\n<h3><span style=\"color: #808080;\">I prodotti FENIX sono materiali super opachi a base di carta. I prodotti FENIX sono costituiti da carta (oltre il 60%) e resine termoindurenti (30 &#8211; 40%). I prodotti FENIX sono creati attraverso un particolare processo in cui il calore e la pressione vengono applicati simultaneamente al fine di ottenere un prodotto omogeneo e non poroso.<\/span><br \/>\n<span style=\"color: #808080;\">La superficie esterna di FENIX si ottiene attraverso l&#8217;applicazione di un rivestimento multistrato ed \u00e8 caratterizzata dall\u2019impiego di resine acriliche di nuova generazione, indurite e fissate attraverso il processo di Electron Beam Curing.<\/span><br \/>\n<span style=\"color: #808080;\">La presenza di una lamina di vero metallo nella struttura superficiale \u00e8 la caratteristica peculiare di FENIX NTA.<\/span><\/h3>\n<h3 data-unique=\"Lalavorazionedelmateriale\"><span style=\"color: #808080;\">\u00a0<\/span><\/h3>\n<h3 data-unique=\"Lalavorazionedelmateriale\"><span style=\"color: #808080;\">QUAL \u00c8 LA VITA MEDIA DI UN PANNELLO DI FENIX?<\/span><\/h3>\n<h3><span style=\"color: #808080;\">FENIX \u00e8 un materiale durevole. Naturalmente il ciclo di vita dipende da come viene utilizzato, soprattutto per quanto riguarda il trattamento della superficie. In ogni caso, la durata \u00e8 una qualit\u00e0 importante che lo rende interessante anche dal punto di vista ambientale.\u00a0 Una lunga durata equivale a meno rifiuti e a un utilizzo pi\u00f9 efficiente delle risorse.<\/span><\/h3>\n<h3 class=\"testoFaq\"><\/h3>\n<h4 data-unique=\"Checos\u2019\u00e8FENIXNTA?\"><\/h4>\n<h4><\/h4>\n<h4 class=\"testoFaq\"><\/h4>\n<h4 data-unique=\"ChecosasiintendeperBloom?\"><\/h4>\n<div class=\"fusion-video fusion-youtube fusion-aligncenter\" style=\"max-width:600px;max-height:360px; width:100%\"><div class=\"video-shortcode\"><iframe loading=\"lazy\" title=\"YouTube video player\" src=\"https:\/\/www.youtube.com\/embed\/-8tZgESmGVk?wmode=transparent&autoplay=0\" width=\"600\" height=\"360\" allowfullscreen><\/iframe><\/div><\/div><div class=\"fusion-clearfix\"><\/div>\n\n\t\t\t\t\t<\/div>\n\t\t\t\t<\/div><div  class=\"fusion-layout-column fusion_builder_column fusion_builder_column_1_4  fusion-one-fourth fusion-column-last 1_4\"  style='margin-top:0px;margin-bottom:20px;width:25%;width:calc(25% - ( ( 4% ) * 0.25 ) );'>\n\t\t\t\t\t<div class=\"fusion-column-wrapper\" style=\"background-position:left top;background-repeat:no-repeat;-webkit-background-size:cover;-moz-background-size:cover;-o-background-size:cover;background-size:cover;\"  data-bg-url=\"\">\n\t\t\t\t\t\t<span class=\"fusion-imageframe imageframe-none imageframe-2 hover-type-none fusion-animated\" data-animationType=\"fadeInLeft\" data-animationDuration=\"0.3\" data-animationOffset=\"100%\"><img decoding=\"async\" src=\"http:\/\/www.atracucine.it\/wp-content\/uploads\/2017\/05\/Fenix_Logo.png\" width=\"\" height=\"\" alt=\"\" title=\"\" class=\"img-responsive\"\/><\/span><div class=\"fusion-gallery fusion-gallery-container fusion-grid-4 fusion-columns-total-4 fusion-gallery-layout-grid\" style=\"margin:-3px;\"><div style=\"padding:3.5px;\" class=\"fusion-grid-column fusion-gallery-column fusion-gallery-column-4 hover-type-none\"><div class=\"fusion-gallery-image\"><a href=\"https:\/\/www.atracucine.it\/wp-content\/uploads\/2020\/06\/Guida_FenixNtm_Antimpronta.jpg\" class=\"fusion-lightbox\" data-rel=\"iLightbox[265c135702a7d92adf4]\"><img loading=\"lazy\" decoding=\"async\" width=\"112\" height=\"150\" src=\"https:\/\/www.atracucine.it\/wp-content\/uploads\/2020\/06\/Guida_FenixNtm_Antimpronta.jpg\" alt=\"\" title=\"Guida_FenixNtm_Antimpronta\" aria-label=\"Guida_FenixNtm_Antimpronta\" class=\"img-responsive wp-image-2231\" \/><\/a><\/div><\/div><div style=\"padding:3.5px;\" class=\"fusion-grid-column fusion-gallery-column fusion-gallery-column-4 hover-type-none\"><div class=\"fusion-gallery-image\"><a href=\"https:\/\/www.atracucine.it\/wp-content\/uploads\/2020\/06\/Guida_FenixNtm_Morbidezza.jpg\" class=\"fusion-lightbox\" data-rel=\"iLightbox[265c135702a7d92adf4]\"><img loading=\"lazy\" decoding=\"async\" width=\"112\" height=\"150\" src=\"https:\/\/www.atracucine.it\/wp-content\/uploads\/2020\/06\/Guida_FenixNtm_Morbidezza.jpg\" alt=\"\" title=\"Guida_FenixNtm_Morbidezza\" aria-label=\"Guida_FenixNtm_Morbidezza\" class=\"img-responsive wp-image-2230\" \/><\/a><\/div><\/div><div style=\"padding:3.5px;\" class=\"fusion-grid-column fusion-gallery-column fusion-gallery-column-4 hover-type-none\"><div class=\"fusion-gallery-image\"><a href=\"https:\/\/www.atracucine.it\/wp-content\/uploads\/2020\/06\/Guida_FenixNtm_Riflessione.jpg\" class=\"fusion-lightbox\" data-rel=\"iLightbox[265c135702a7d92adf4]\"><img loading=\"lazy\" decoding=\"async\" width=\"112\" height=\"150\" src=\"https:\/\/www.atracucine.it\/wp-content\/uploads\/2020\/06\/Guida_FenixNtm_Riflessione.jpg\" alt=\"\" title=\"Guida_FenixNtm_Riflessione\" aria-label=\"Guida_FenixNtm_Riflessione\" class=\"img-responsive wp-image-2229\" \/><\/a><\/div><\/div><div style=\"padding:3.5px;\" class=\"fusion-grid-column fusion-gallery-column fusion-gallery-column-4 hover-type-none\"><div class=\"fusion-gallery-image\"><a href=\"https:\/\/www.atracucine.it\/wp-content\/uploads\/2020\/06\/Guida_FenixNtm_Riparabilita.jpg\" class=\"fusion-lightbox\" data-rel=\"iLightbox[265c135702a7d92adf4]\"><img loading=\"lazy\" decoding=\"async\" width=\"112\" height=\"150\" src=\"https:\/\/www.atracucine.it\/wp-content\/uploads\/2020\/06\/Guida_FenixNtm_Riparabilita.jpg\" alt=\"\" title=\"Guida_FenixNtm_Riparabilita\" aria-label=\"Guida_FenixNtm_Riparabilita\" class=\"img-responsive wp-image-2228\" \/><\/a><\/div><\/div><div class=\"clearfix\"><\/div><\/div><div class=\"fusion-sep-clear\"><\/div><div class=\"fusion-separator fusion-full-width-sep sep-none\" style=\"margin-left: auto;margin-right: auto;margin-top:5px;margin-bottom:5px;\"><\/div><div class=\"fusion-video fusion-youtube\" style=\"max-width:600px;max-height:360px;\"><div class=\"video-shortcode\"><iframe loading=\"lazy\" title=\"YouTube video player\" src=\"https:\/\/www.youtube.com\/embed\/H1iefXPX_XU?wmode=transparent&autoplay=0\" width=\"600\" height=\"360\" allowfullscreen><\/iframe><\/div><\/div><div class=\"fusion-sep-clear\"><\/div><div class=\"fusion-separator fusion-full-width-sep sep-none\" style=\"margin-left: auto;margin-right: auto;margin-top:5px;margin-bottom:5px;\"><\/div><div class=\"fusion-video fusion-youtube\" style=\"max-width:600px;max-height:360px;\"><div class=\"video-shortcode\"><iframe loading=\"lazy\" title=\"YouTube video player\" src=\"https:\/\/www.youtube.com\/embed\/Tbv7IsbhODk?wmode=transparent&autoplay=0\" width=\"600\" height=\"360\" allowfullscreen><\/iframe><\/div><\/div><div class=\"fusion-sep-clear\"><\/div><div class=\"fusion-separator fusion-full-width-sep sep-none\" style=\"margin-left: auto;margin-right: auto;margin-top:5px;margin-bottom:5px;\"><\/div><div class=\"fusion-video fusion-youtube\" style=\"max-width:600px;max-height:360px;\"><div class=\"video-shortcode\"><iframe loading=\"lazy\" title=\"YouTube video player\" src=\"https:\/\/www.youtube.com\/embed\/Y2Y-RSThn2k?wmode=transparent&autoplay=0\" width=\"600\" height=\"360\" allowfullscreen><\/iframe><\/div><\/div><div class=\"fusion-sep-clear\"><\/div><div class=\"fusion-separator fusion-full-width-sep sep-none\" style=\"margin-left: auto;margin-right: auto;margin-top:5px;margin-bottom:5px;\"><\/div><div class=\"fusion-video fusion-youtube\" style=\"max-width:600px;max-height:360px;\"><div class=\"video-shortcode\"><iframe loading=\"lazy\" title=\"YouTube video player\" src=\"https:\/\/www.youtube.com\/embed\/ssN7sxcyTek?wmode=transparent&autoplay=0\" width=\"600\" height=\"360\" allowfullscreen><\/iframe><\/div><\/div><div class=\"fusion-clearfix\"><\/div>\n\n\t\t\t\t\t<\/div>\n\t\t\t\t<\/div><\/div><\/div><\/p>\n","protected":false},"excerpt":{"rendered":"","protected":false},"author":2,"featured_media":0,"parent":0,"menu_order":0,"comment_status":"closed","ping_status":"closed","template":"100-width.php","meta":{"_exactmetrics_skip_tracking":false,"_exactmetrics_sitenote_active":false,"_exactmetrics_sitenote_note":"","_exactmetrics_sitenote_category":0,"footnotes":""},"class_list":["post-2184","page","type-page","status-publish","hentry"],"_links":{"self":[{"href":"https:\/\/www.atracucine.it\/index.php?rest_route=\/wp\/v2\/pages\/2184","targetHints":{"allow":["GET"]}}],"collection":[{"href":"https:\/\/www.atracucine.it\/index.php?rest_route=\/wp\/v2\/pages"}],"about":[{"href":"https:\/\/www.atracucine.it\/index.php?rest_route=\/wp\/v2\/types\/page"}],"author":[{"embeddable":true,"href":"https:\/\/www.atracucine.it\/index.php?rest_route=\/wp\/v2\/users\/2"}],"replies":[{"embeddable":true,"href":"https:\/\/www.atracucine.it\/index.php?rest_route=%2Fwp%2Fv2%2Fcomments&post=2184"}],"version-history":[{"count":52,"href":"https:\/\/www.atracucine.it\/index.php?rest_route=\/wp\/v2\/pages\/2184\/revisions"}],"predecessor-version":[{"id":2266,"href":"https:\/\/www.atracucine.it\/index.php?rest_route=\/wp\/v2\/pages\/2184\/revisions\/2266"}],"wp:attachment":[{"href":"https:\/\/www.atracucine.it\/index.php?rest_route=%2Fwp%2Fv2%2Fmedia&parent=2184"}],"curies":[{"name":"wp","href":"https:\/\/api.w.org\/{rel}","templated":true}]}}